{"id":14,"date":"2021-01-20T14:54:09","date_gmt":"2021-01-20T14:54:09","guid":{"rendered":"http:\/\/domanchuk.com.ar\/index.php\/mesmerize\/"},"modified":"2021-02-20T12:52:13","modified_gmt":"2021-02-20T12:52:13","slug":"mesmerize","status":"publish","type":"page","link":"https:\/\/domanchuk.com.ar\/","title":{"rendered":"Inicio"},"content":{"rendered":"<div  id=\"menu\" class=\"overlappable-4 content-section content-section-spacing\" style=\"background-color: #ffffff;\" data-label=\"MENU\" data-id=\"overlappable-4\" data-export-id=\"overlappable-4\" data-category=\"overlappable\" data-overlap=\"true\">\n<div  class=\"gridContainer\">\n<div  class=\"row spaced-cols text-center\" data-type=\"row\">\n<div  class=\"col-xs-12 col-sm-4 col-padding\"><a data-cp-link=\"1\" href=\"#planos\" target=\"_self\" rel=\"noopener\"><i  class=\"fa icon shadow-large-black aligncenter color1 fa-pencil-square-o reverse round large\"><\/i><\/a>\n<p >&nbsp;<\/p>\n<div  class=\"\" data-type=\"column\">\n<h5  class=\"\">PLANOS, AGRIMENSURA<\/h5>\n<p  class=\"\">Estudio, proyecto, direcci\u00f3n e implementaci\u00f3n de los sistemas de informaci\u00f3n parcelaria. <\/p>\n<\/div>\n<\/div>\n<div  class=\"col-xs-12 col-sm-4 col-padding\"><a data-cp-link=\"1\" href=\"#construccion\" target=\"_self\" rel=\"noopener\"><i  class=\"fa icon shadow-large-black aligncenter color1 fa-home reverse round large\"><\/i><\/a>\n<p >&nbsp;<\/p>\n<div  class=\"\" data-type=\"column\">\n<h5  class=\"\">CONSTRUCCIONES<\/h5>\n<p  class=\"\">Proyecto y Planificaci\u00f3n de Construcciones<\/p>\n<\/div>\n<\/div>\n<div  class=\"col-xs-12 col-sm-4 col-padding\"><a data-cp-link=\"1\" href=\"#carpinteria\" target=\"_self\" rel=\"noopener\"><i  class=\"fa icon shadow-large-black aligncenter color1 fa-linode reverse round large\"><\/i><\/a>\n<p >&nbsp;<\/p>\n<div  class=\"\" data-type=\"column\">\n<h5  class=\"\">CARPINTERIA<\/h5>\n<p  class=\"\">Proyectos en Madera<\/p>\n<\/div>\n<\/div>\n<\/div>\n<\/div>\n<\/div><div  id=\"planos\" class=\"content-2 content-section content-section-spacing\" style=\"background-color: #f5fafd;\" data-label=\"PLANOS\" data-id=\"content-2\" data-export-id=\"content-2\" data-category=\"content\">\n<div >\n<div  class=\"row middle-xs\">\n<div  class=\"col-sm-5 bg-image shadow-large-black\" style=\"background-image: url('https:\/\/domanchuk.com.ar\/wp-content\/uploads\/2021\/01\/cropped-cropped-cropped-2-1.jpg');\" data-bg=\"image\">&nbsp;<\/div>\n<div  class=\"col-sm-7 full-col-left-padding full-col-right-padding\">\n<div  class=\"row\">\n<div  class=\"space-bottom-small content-title-col\" data-type=\"column\">\n\n\n\n<\/div>\n<\/div>\n<div  class=\"row spaced-cols \" data-type=\"row\">\n<div  class=\"col-xs-6\" data-type=\"column\">\n<h5  class=\"\">PLANOS<\/h5>\n<p  class=\"\">Proyecto\n<br >Electricidad\n<br >Sanitarios\n<br >Gas Natural\n<br >Regularizaci\u00f3n<\/p>\n<\/div>\n<div  class=\"col-xs-6\" data-type=\"column\">\n<h5  class=\"\">AGRIMENSURA<\/h5>\n<p  class=\"\">Amojonamiento\n<br >C\u00e9dula Catastral\n<br >Subdivisi\u00f3n<\/p>\n<\/div>\n\n\n<\/div>\n<\/div>\n<\/div>\n<\/div>\n<\/div><div  data-label=\"CONSTRUCCION\" data-id=\"portfolio--1\" data-export-id=\"portfolio-5\" data-category=\"portfolio\" class=\"portfolio-5 content-section content-section-spacing\" id=\"construccion\" style=\"background-color: rgb(245, 250, 253);\"><div  class=\"gridContainer\"> <div  class=\"row text-center\"><div  class=\"section-title-col\" data-type=\"column\"> <h2  class=\"\">CONSTRUCCIONES<\/h2> <p  class=\"lead\">Podemos realizar la casa de sus sue\u00f1os con el sistema constructivo que usted prefiera.<\/p><\/div> <\/div> <div  class=\"row space-bottom spaced-cols\" data-type=\"row\"> <div  class=\"col-xs-12 col-sm-4 text-center\"> <div  class=\"card no-padding bordered\"> <div  data-hover-fx=\"portfolio-6\" class=\"contentswap-effect\"> <div  class=\"initial-image\"> <img decoding=\"async\"  data-size=\"500x333\" src=\"https:\/\/domanchuk.com.ar\/wp-content\/uploads\/2021\/02\/cropped-231200-robot-obrero-construccion.jpg\"><\/div> <div  class=\"overlay bg-color6\"><\/div> <div  class=\"swap-inner col-xs-12\"> <div  class=\"row full-height-row middle-xs middle-sm\"> <div  class=\"col-xs-12 text-center content-holder\"> <a class=\"button small color2\" href=\"https:\/\/domanchuk.com.ar\/index.php\/tradicional\" target=\"_self\" data-cp-link=\"1\" rel=\"noopener\">Mas fotos<\/a><\/div> <\/div><\/div> <\/div> <div  class=\"col-xs-12\"> <div  class=\"space-bottom space-top\" data-type=\"column\"> <h5  class=\"\">TRADICIONAL<\/h5> <p  class=\"small italic\">Basada en paredes de ladrillos y estructuras de Hormigon.<\/p><\/div> <\/div><\/div> <\/div> <div  class=\"col-xs-12 col-sm-4 text-center\"> <div  class=\"card no-padding bordered\"> <div  data-hover-fx=\"portfolio-6\" class=\"contentswap-effect\"> <div  class=\"initial-image\"> <img decoding=\"async\"  data-size=\"500x333\" src=\"https:\/\/domanchuk.com.ar\/wp-content\/uploads\/2021\/02\/cropped-antioch-investment-srl-project-1.Ekr8Cw.jpg\"><\/div> <div  class=\"overlay bg-color6\"><\/div> <div  class=\"swap-inner col-xs-12\"> <div  class=\"row full-height-row middle-xs middle-sm\"> <div  class=\"col-xs-12 text-center content-holder\"> <a class=\"button small color2\" href=\"https:\/\/domanchuk.com.ar\/index.php\/steel-frame\" target=\"_self\" data-cp-link=\"1\" rel=\"noopener\">Mas fotos<\/a><\/div> <\/div><\/div> <\/div> <div  class=\"col-xs-12\"> <div  class=\"space-bottom space-top\" data-type=\"column\"> <h5  class=\"\">STEEL FRAME<\/h5> <p  class=\"small italic\">Estructura de perfiles de Acero Galvanizado<\/p><\/div> <\/div><\/div> <\/div> <div  class=\"col-xs-12 col-sm-4 text-center\"> <div  class=\"card no-padding bordered\"> <div  data-hover-fx=\"portfolio-6\" class=\"contentswap-effect\"> <div  class=\"initial-image\"> <img decoding=\"async\"  data-size=\"500x333\" src=\"https:\/\/domanchuk.com.ar\/wp-content\/uploads\/2021\/02\/cropped-portada-Arqdisec-1-696x522-1.jpg\"><\/div> <div  class=\"overlay bg-color6\"><\/div> <div  class=\"swap-inner col-xs-12\"> <div  class=\"row full-height-row middle-xs middle-sm\"> <div  class=\"col-xs-12 text-center content-holder\"> <a class=\"button small color2\" href=\"https:\/\/domanchuk.com.ar\/index.php\/sipanel\" target=\"_self\" data-cp-link=\"1\" rel=\"noopener\">Mas fotos<\/a><\/div> <\/div><\/div> <\/div> <div  class=\"col-xs-12\"> <div  class=\"space-bottom space-top\" data-type=\"column\"> <h5  class=\"\">SIPANEL<\/h5> <p  class=\"small italic\">Placas de OSB unidas a un n\u00facleo de poliuretano de alta densidad <\/p><\/div> <\/div><\/div> <\/div><\/div> <div  class=\"row\"><div  data-type=\"column\" class=\"col-xs-12 text-center\"> <\/div> <\/div><\/div> <\/div><div  id=\"carpinteria\" class=\"about-1 content-section\" style=\"background-color: #f5fafd;\" data-label=\"CARPINTERIA\" data-id=\"about-1\" data-export-id=\"about-1\" data-category=\"about\">\n<div  class=\"gridContainer\">\n<div  class=\"row text-center\">\n<div  class=\"section-title-col\" data-type=\"column\">\n<h5  class=\"\">TRABAJOS EN MADERA<\/h5>\n<h2  class=\"\">Carpinteria en general<\/h2>\n\n<a class=\"link\" href=\"https:\/\/www.facebook.com\/Secuoya-Muebles-485853828149104\" target=\"_blank\" data-cp-link=\"1\" rel=\"noopener\">Encontranos aqu\u00ed<\/a><\/div>\n<\/div>\n<div  class=\"row\">\n<div  class=\"button-holder space-bottom space-bottom-small\" data-type=\"column\">&nbsp;<\/div>\n<div  class=\"col-xs bottom-xs flexbox image-group-bottom-3-img space-bottom-xs center-xs\"><img decoding=\"async\"  class=\"left-img shadow-large-black\" title=\"cropped-222.jpg\" src=\"https:\/\/domanchuk.com.ar\/wp-content\/uploads\/2021\/02\/cropped-222.jpg\" alt=\"\" data-size=\"500x300\"> <img decoding=\"async\"  class=\"center-img shadow-large-black\" title=\"cropped-333-1.jpg\" src=\"https:\/\/domanchuk.com.ar\/wp-content\/uploads\/2021\/02\/cropped-333-1.jpg\" alt=\"\" data-size=\"500x300\"> <img decoding=\"async\"  class=\"right-img shadow-large-black\" title=\"cropped-cropped-133017657_3599081296826326_5194498648910561972_o.jpg\" src=\"https:\/\/domanchuk.com.ar\/wp-content\/uploads\/2021\/02\/cropped-cropped-133017657_3599081296826326_5194498648910561972_o.jpg\" alt=\"\" data-size=\"500x300\"><\/div>\n<p >&nbsp;<\/p>\n<\/div>\n<\/div>\n<\/div><div  id=\"contacto\" class=\"contact-1 content-section content-section-spacing white-text\" style=\"background-image: url('https:\/\/domanchuk.com.ar\/wp-content\/uploads\/2021\/01\/8.jpg'); background-size: cover; background-position: center top;\" data-label=\"Contacto\" data-id=\"contact-1\" data-export-id=\"contact-1\" data-category=\"contact\" data-parallax-depth=\"20\">\n<div  class=\"gridContainer\">\n<div  class=\"row text-center\">\n<div  class=\"section-title-col\" data-type=\"column\">\n<h2  class=\"\">Contacto<\/h2>\n<p  class=\"lead\">Av. Automovil Club Argentino N\u00b0 898<br >Atlantida \u2013 Santa Clara del Mar\n<br >construcciones@domanchuk.com.ar<\/p>\n<\/div>\n<\/div>\n<div  class=\"row text-center\">\n<div  class=\"col-xs-12 col-sm-8 col-sm-offset-2 contact-form-wrapper inline-info\">\n<div  class=\"card large-padding\">\n<div  class=\"\" data-content-shortcode=\"mesmerize_contact_form shortcode=&quot;wpforms id=&amp;amp;quot;55&amp;amp;quot;&quot;\" data-editable=\"true\"><div class=\"wpforms-container wpforms-container-full\" id=\"wpforms-55\"><form id=\"wpforms-form-55\" class=\"wpforms-validate wpforms-form\" data-formid=\"55\" method=\"post\" enctype=\"multipart\/form-data\" action=\"\/index.php\/wp-json\/wp\/v2\/pages\/14\" data-token=\"46daf137a52b405c42e8c3785fafa6db\" data-token-time=\"1778102476\"><noscript class=\"wpforms-error-noscript\">Por favor, activa JavaScript en tu navegador para completar este formulario.<\/noscript><div class=\"wpforms-field-container\"><div id=\"wpforms-55-field_0-container\" class=\"wpforms-field wpforms-field-name\" data-field-id=\"0\"><label class=\"wpforms-field-label\" for=\"wpforms-55-field_0\">Nombre <span class=\"wpforms-required-label\">*<\/span><\/label><input type=\"text\" id=\"wpforms-55-field_0\" class=\"wpforms-field-medium wpforms-field-required\" name=\"wpforms[fields][0]\" required><\/div><div id=\"wpforms-55-field_1-container\" class=\"wpforms-field wpforms-field-email\" data-field-id=\"1\"><label class=\"wpforms-field-label\" for=\"wpforms-55-field_1\">Correo electr\u00f3nico <span class=\"wpforms-required-label\">*<\/span><\/label><input type=\"email\" id=\"wpforms-55-field_1\" class=\"wpforms-field-medium wpforms-field-required\" name=\"wpforms[fields][1]\" spellcheck=\"false\" required><\/div><div id=\"wpforms-55-field_2-container\" class=\"wpforms-field wpforms-field-textarea\" data-field-id=\"2\"><label class=\"wpforms-field-label\" for=\"wpforms-55-field_2\">Comentario o mensaje <span class=\"wpforms-required-label\">*<\/span><\/label><textarea id=\"wpforms-55-field_2\" class=\"wpforms-field-medium wpforms-field-required\" name=\"wpforms[fields][2]\" required><\/textarea><\/div><div id=\"wpforms-55-field_6-container\" class=\"wpforms-field wpforms-field-checkbox\" data-field-id=\"6\"><ul id=\"wpforms-55-field_6\"><li class=\"choice-1 depth-1\"><input type=\"checkbox\" id=\"wpforms-55-field_6_1\" name=\"wpforms[fields][6][]\" value=\"Quiero que me llamen\"  ><label class=\"wpforms-field-label-inline\" for=\"wpforms-55-field_6_1\">Quiero que me llamen<\/label><\/li><\/ul><\/div><div id=\"wpforms-55-field_8-container\" class=\"wpforms-field wpforms-field-number\" data-field-id=\"8\"><label class=\"wpforms-field-label\" for=\"wpforms-55-field_8\">Telefono<\/label><input type=\"number\" id=\"wpforms-55-field_8\" class=\"wpforms-field-medium\" name=\"wpforms[fields][8]\" step=\"any\" ><\/div><\/div><!-- .wpforms-field-container --><div class=\"wpforms-submit-container\" ><input type=\"hidden\" name=\"wpforms[id]\" value=\"55\"><input type=\"hidden\" name=\"page_title\" value=\"\"><input type=\"hidden\" name=\"page_url\" value=\"https:\/\/domanchuk.com.ar\/index.php\/wp-json\/wp\/v2\/pages\/14\"><input type=\"hidden\" name=\"url_referer\" value=\"\"><button type=\"submit\" name=\"wpforms[submit]\" id=\"wpforms-submit-55\" class=\"wpforms-submit\" data-alt-text=\"Enviando...\" data-submit-text=\"Enviar\" aria-live=\"assertive\" value=\"wpforms-submit\">Enviar<\/button><\/div><\/form><\/div>  <!-- .wpforms-container --><\/div>\n<\/div>\n<\/div>\n<\/div>\n<\/div>\n<\/div><div  class=\"wp-block-image\"><figure  class=\"aligncenter size-large\"><a  href=\"https:\/\/www.informaticadelmar.com\" class=\"\"><img decoding=\"async\"  loading=\"lazy\" width=\"640\" height=\"50\" src=\"https:\/\/domanchuk.com.ar\/wp-content\/uploads\/2021\/01\/Diseno-y-Mantenimiento-por-www.informaticadelmar.com_.jpg\" alt=\"\" class=\"wp-image-71\" srcset=\"https:\/\/domanchuk.com.ar\/wp-content\/uploads\/2021\/01\/Diseno-y-Mantenimiento-por-www.informaticadelmar.com_.jpg 640w, https:\/\/domanchuk.com.ar\/wp-content\/uploads\/2021\/01\/Diseno-y-Mantenimiento-por-www.informaticadelmar.com_-300x23.jpg 300w\" sizes=\"auto, (max-width: 640px) 100vw, 640px\"><\/a><\/figure><\/div>","protected":false},"excerpt":{"rendered":"<p>&nbsp; PLANOS, AGRIMENSURA Estudio, proyecto, direcci\u00f3n e implementaci\u00f3n de los sistemas de informaci\u00f3n parcelaria. &nbsp; CONSTRUCCIONES Proyecto y Planificaci\u00f3n de Construcciones &nbsp; CARPINTERIA Proyectos en Madera &nbsp; PLANOS Proyecto Electricidad Sanitarios Gas Natural Regularizaci\u00f3n AGRIMENSURA Amojonamiento C\u00e9dula Catastral Subdivisi\u00f3n CONSTRUCCIONES Podemos realizar la casa de sus sue\u00f1os con el sistema constructivo que usted prefiera. Mas&hellip; <br \/> <a class=\"read-more\" href=\"https:\/\/domanchuk.com.ar\/\">Leer m\u00e1s<\/a><\/p>\n","protected":false},"author":1,"featured_media":0,"parent":0,"menu_order":0,"comment_status":"closed","ping_status":"closed","template":"page-templates\/homepage.php","meta":{"_joinchat":[],"footnotes":""},"class_list":["post-14","page","type-page","status-publish","hentry"],"_links":{"self":[{"href":"https:\/\/domanchuk.com.ar\/index.php\/wp-json\/wp\/v2\/pages\/14","targetHints":{"allow":["GET"]}}],"collection":[{"href":"https:\/\/domanchuk.com.ar\/index.php\/wp-json\/wp\/v2\/pages"}],"about":[{"href":"https:\/\/domanchuk.com.ar\/index.php\/wp-json\/wp\/v2\/types\/page"}],"author":[{"embeddable":true,"href":"https:\/\/domanchuk.com.ar\/index.php\/wp-json\/wp\/v2\/users\/1"}],"replies":[{"embeddable":true,"href":"https:\/\/domanchuk.com.ar\/index.php\/wp-json\/wp\/v2\/comments?post=14"}],"version-history":[{"count":30,"href":"https:\/\/domanchuk.com.ar\/index.php\/wp-json\/wp\/v2\/pages\/14\/revisions"}],"predecessor-version":[{"id":185,"href":"https:\/\/domanchuk.com.ar\/index.php\/wp-json\/wp\/v2\/pages\/14\/revisions\/185"}],"wp:attachment":[{"href":"https:\/\/domanchuk.com.ar\/index.php\/wp-json\/wp\/v2\/media?parent=14"}],"curies":[{"name":"wp","href":"https:\/\/api.w.org\/{rel}","templated":true}]}}